{"id":13413,"date":"2023-11-28T14:11:03","date_gmt":"2023-11-28T14:11:03","guid":{"rendered":"https:\/\/fymcotillon.com.ar\/cotillon\/?page_id=13413"},"modified":"2023-11-30T16:07:57","modified_gmt":"2023-11-30T16:07:57","slug":"13413-2","status":"publish","type":"page","link":"https:\/\/fymcotillon.com.ar\/cotillon\/13413-2\/","title":{"rendered":"C\u00f3mo realizar un pedido"},"content":{"rendered":"<p>En <strong>FyM cotill\u00f3n<\/strong> y distribuidora buscamos que nuestros clientes puedan personalizar al m\u00e1ximo su compra en relaci\u00f3n a la demanda de su propio negocio permiti\u00e9ndoles seleccionar unitariamente nuestros productos y se sientan seguros de reelegirnos en cada ocasi\u00f3n. Con el fin de establecer una relaci\u00f3n de confianza mutua y evitar que compradores minoristas intenten utilizar nuestro canal dedicado a mayoristas, se le solicita al cliente que para acceder a nuestro cat\u00e1logo:<\/p>\n<p>\u2022 Cree un usuario con su nombre y direcci\u00f3n de corrreo electr\u00f3nico.<\/p>\n<p>\u2022 Valide su direcci\u00f3n de correo con el link y el c\u00f3digo que le llegar\u00e1 al mismo.<\/p>\n<p>\u2022 Solicite en la plataformas de consultas el acceso al cat\u00e1logo. Para esto se le pide por favor que detalle su nombre(el mismo utilizado para el usuario) y nos de una breve descripci\u00f3n de su empresa; por ejemplo: &#8220;Hola, me llamo Emanuel, tengo un local de cotill\u00f3n ubicado en CalledeEjemplo 123 y quisiera ver su cat\u00e1logo&#8221;. Puede realizarlo desde la ventana en la p\u00e1gina web o alguno de los contactos que se encuentran disponibles a la derecha.<\/p>\n<p>\u2022 Aguarde hasta que uno de nuestros colaboradores le conceda el permiso.<\/p>\n<p>Una vez que complet\u00f3 estos pasos iniciales puede acceder a la secci\u00f3n &#8220;productos&#8221; donde podr\u00e1 ver y seleccionar los productos que desee. Para ello pulse en alguna de las categor\u00edas del men\u00fa que aparecen a la izquierda y, una vez que acceda al listado de art\u00edculos, pulse sobre la fotograf\u00eda del producto de su inter\u00e9s. A continuaci\u00f3n se abrir\u00e1 una ventana con las especificaciones, seleccione las opciones disponibles seg\u00fan el caso, (no olvide ver la cantidad de productos que contiene cada paquete) y pulse sobre el bot\u00f3n \u201cA\u00f1adir al Carrito\u201d.<\/p>\n<p>Tras agregar cualquier producto al pedido, aparecer\u00e1 la Secci\u00f3n \u201cMi Carro\u201d donde se detallan los productos seleccionados (puede verlo en cualquier momento en el modulo &#8220;Tu Compra&#8221; , que aparece a la derecha de la p\u00e1gina). En la secci\u00f3n \u201cMi Carro\u201d podr\u00e1 modificar la cantidad de productos que haya seleccionado. Si desea eliminar cualquiera de los productos del \u201cCarrito\u201d, pulse el cuadro a la izquierda del producto y presione el bot\u00f3n \u201cActualizar\u201d que aparece en la Secci\u00f3n \u201cMi Carro\u201d. Si desea agregar productos, podr\u00e1 hacerlo pulsando \u201cContinuar Comprando\u201d.<\/p>\n<p>Una vez que finaliz\u00f3 su orden de compra, pulse &#8220;Realizar Pedido&#8221;. All\u00ed se le pedir\u00e1n sus datos completos y que seleccione el m\u00e9todo de pago &#8220;A convenir&#8221;, luego de esto uno de nuestros empleados se comunicar\u00e1 con usted para coordinar personalmente el pago (por medio de transferencia bancaria o efectivo), env\u00edo y fecha de recepci\u00f3n. Puede contar con todos nuestros canales de comunicaci\u00f3n para hacer un seguimiento, siendo el m\u00e1s recomendado el n\u00famero de WhatsApp que puede encontrar en la secci\u00f3n &#8220;Contacto&#8221;.<\/p>\n<p>No olvide realizar alg\u00fan comentario en la casilla correspondiente si lo considera necesario. Usted recibir\u00e1 un e-mail con el detalle de su compra. Podr\u00e1 tambi\u00e9n imprimir su pedido. Esperamos que no haya tenido ning\u00fan problema. Cualquier duda o consulta p\u00f3ngase en contacto con el mail ventas@fymcotillon.com.ar<\/p>\n<p>&nbsp;<\/p>\n<p>&nbsp;<\/p>\n","protected":false},"excerpt":{"rendered":"<p>En FyM cotill\u00f3n y distribuidora buscamos que nuestros clientes puedan personalizar al m\u00e1ximo su compra en relaci\u00f3n a la demanda de su propio negocio permiti\u00e9ndoles seleccionar unitariamente nuestros productos y se sientan seguros de reelegirnos en cada ocasi\u00f3n. Con el fin de establecer una relaci\u00f3n de confianza mutua y evitar que compradores minoristas intenten utilizar nuestro canal dedicado a mayoristas, [&hellip;]<\/p>\n","protected":false},"author":2,"featured_media":0,"parent":0,"menu_order":0,"comment_status":"closed","ping_status":"closed","template":"","meta":{"om_disable_all_campaigns":false,"_monsterinsights_skip_tracking":false,"_monsterinsights_sitenote_active":false,"_monsterinsights_sitenote_note":"","_monsterinsights_sitenote_category":0,"pgc_sgb_lightbox_settings":"","footnotes":""},"class_list":["post-13413","page","type-page","status-publish","hentry"],"aioseo_notices":[],"_links":{"self":[{"href":"https:\/\/fymcotillon.com.ar\/cotillon\/wp-json\/wp\/v2\/pages\/13413","targetHints":{"allow":["GET"]}}],"collection":[{"href":"https:\/\/fymcotillon.com.ar\/cotillon\/wp-json\/wp\/v2\/pages"}],"about":[{"href":"https:\/\/fymcotillon.com.ar\/cotillon\/wp-json\/wp\/v2\/types\/page"}],"author":[{"embeddable":true,"href":"https:\/\/fymcotillon.com.ar\/cotillon\/wp-json\/wp\/v2\/users\/2"}],"replies":[{"embeddable":true,"href":"https:\/\/fymcotillon.com.ar\/cotillon\/wp-json\/wp\/v2\/comments?post=13413"}],"version-history":[{"count":3,"href":"https:\/\/fymcotillon.com.ar\/cotillon\/wp-json\/wp\/v2\/pages\/13413\/revisions"}],"predecessor-version":[{"id":14194,"href":"https:\/\/fymcotillon.com.ar\/cotillon\/wp-json\/wp\/v2\/pages\/13413\/revisions\/14194"}],"wp:attachment":[{"href":"https:\/\/fymcotillon.com.ar\/cotillon\/wp-json\/wp\/v2\/media?parent=13413"}],"curies":[{"name":"wp","href":"https:\/\/api.w.org\/{rel}","templated":true}]}}