{"id":13546,"date":"2023-11-28T17:33:52","date_gmt":"2023-11-28T17:33:52","guid":{"rendered":"https:\/\/fymcotillon.com.ar\/cotillon\/?page_id=13546"},"modified":"2023-11-28T17:33:52","modified_gmt":"2023-11-28T17:33:52","slug":"politica-de-privacidad","status":"publish","type":"page","link":"https:\/\/fymcotillon.com.ar\/cotillon\/politica-de-privacidad\/","title":{"rendered":"Pol\u00edtica de Privacidad"},"content":{"rendered":"<p>LEA ESTO CON DETENIMIENTO. ESTE DOCUMENTO INDICA C\u00d3MO FyM Cotill\u00f3n UTILIZAR\u00c1 Y PROTEGER\u00c1 SUS DATOS PERSONALES. MIENTRAS NAVEGA EN ESTE SITIO WEB, USTED AUTOM\u00c1TICAMENTE ACEPTA LAS NORMAS DE USO, PROTECCI\u00d3N Y SEGURIDAD AQU\u00cd ESTABLECIDAS. Seguridad y Protecci\u00f3n de sus Datos Personales. La seguridad de los datos personales es una prioridad para fymcotillon.com.ar. Este sitio web se esfuerza por ofrecer el m\u00e1s alto nivel de seguridad para lo cual se utiliza tecnolog\u00eda de avanzada. Adherimos a los requerimientos de la Ley Nacional de Protecci\u00f3n de Datos Personales, N\u00b0 25.326 y sus normas complementarias.<br \/>\nSu privacidad fymcotillon.com.ar respeta su privacidad. Toda la informaci\u00f3n que usted nos proporcione se tratar\u00e1 con sumo cuidado y con la mayor seguridad posible, y s\u00f3lo se utilizar\u00e1 de acuerdo con los l\u00edmites establecidos en este documento. C\u00f3mo se re\u00fane la informaci\u00f3n fymcotillon.com.ar solamente re\u00fane sus datos personales cuando usted los proporciona en forma directa y con su consentimiento expreso e informado. C\u00f3mo fymcotillon.com.ar utiliza su informaci\u00f3n fymcotillon.com.ar utiliza la informaci\u00f3n que usted<br \/>\nproporciona para: expandir ofertas de comercializaci\u00f3n y beneficiarlos con ofertas que podr\u00edan ser de su inter\u00e9s. \u00bfQui\u00e9n tiene acceso a la informaci\u00f3n? fymcotillon.com.ar siempre est\u00e1 comprometido a presentar nuevas soluciones que mejoren el valor de sus productos y servicios. La informaci\u00f3n no identificable y estad\u00edstica tambi\u00e9n podr\u00e1 ser compartida con socios comerciales. A excepci\u00f3n de los casos anteriores, no compartir\u00e1 informaci\u00f3n que podr\u00eda identificar personalmente a sus lectores. \u00bfC\u00f3mo desea que se utilice la informaci\u00f3n? Al proporcionar sus datos personales, usted est\u00e1 autorizando autom\u00e1ticamente a utilizarlos de acuerdo con esta Pol\u00edtica de Seguridad y Privacidad.<br \/>\nCuando se registra, le pregunta a usted c\u00f3mo desea que se utilice su informaci\u00f3n para la comunicaci\u00f3n futura. Si usted presta su consentimiento en relaci\u00f3n a estas pol\u00edticas, estar\u00e1 autorizando a utilizar sus datos personales para recibir correspondencia futura de la empresa o de sus socios comerciales. Recomendaciones generales sobre la protecci\u00f3n de la privacidad Usted tambi\u00e9n tiene un importante papel que desempe\u00f1ar en la protecci\u00f3n de su privacidad. Si usted es menor de edad, solicite permiso a sus padres o tutores antes de revelar sus datos personales a cualquier persona en Internet.<br \/>\nErrores\/Omisiones La informaci\u00f3n y material contenido en este sitio web han sido controlados para que sean exactos; sin embargo, dicha informaci\u00f3n y material son suministrados sin ninguna garant\u00eda expresa o impl\u00edcita. fymcotillon.com.ar no asume ninguna responsabilidad por cualquier error u omisi\u00f3n en dicha informaci\u00f3n y material.<br \/>\nPropiedad Intelectual Los elementos incluidos en este sitio web (fotos, dise\u00f1os, logos, etc.) no pueden ser reproducidos, usados, adaptados o comercializados sin la aprobaci\u00f3n escrita de fymcotillon.com.ar. Modificaciones de nuestra Pol\u00edticas de privacidad \/ Notas legales: fymcotillon.com.ar se reserva el derecho, a su exclusiva discreci\u00f3n, de modificar, alterar, agregar o eliminar partes de estas Pol\u00edticas de privacidad \/ Notas legales en cualquier momento. Recomendamos que examine esta pol\u00edtica cada vez que visite el sitio web de fymcotillon.com.ar. Esta pol\u00edtica de privacidad y seguridad se modific\u00f3 por \u00faltima vez y se public\u00f3 en nuestro sitio web el FyM Cotill\u00f3n de 2023.<\/p>\n<p>&nbsp;<\/p>\n<p>&nbsp;<\/p>\n","protected":false},"excerpt":{"rendered":"<p>LEA ESTO CON DETENIMIENTO. ESTE DOCUMENTO INDICA C\u00d3MO FyM Cotill\u00f3n UTILIZAR\u00c1 Y PROTEGER\u00c1 SUS DATOS PERSONALES. MIENTRAS NAVEGA EN ESTE SITIO WEB, USTED AUTOM\u00c1TICAMENTE ACEPTA LAS NORMAS DE USO, PROTECCI\u00d3N Y SEGURIDAD AQU\u00cd ESTABLECIDAS. Seguridad y Protecci\u00f3n de sus Datos Personales. La seguridad de los datos personales es una prioridad para fymcotillon.com.ar. Este sitio web se esfuerza por ofrecer el [&hellip;]<\/p>\n","protected":false},"author":2,"featured_media":0,"parent":0,"menu_order":0,"comment_status":"closed","ping_status":"closed","template":"","meta":{"om_disable_all_campaigns":false,"_monsterinsights_skip_tracking":false,"_monsterinsights_sitenote_active":false,"_monsterinsights_sitenote_note":"","_monsterinsights_sitenote_category":0,"pgc_sgb_lightbox_settings":"","footnotes":""},"class_list":["post-13546","page","type-page","status-publish","hentry"],"aioseo_notices":[],"_links":{"self":[{"href":"https:\/\/fymcotillon.com.ar\/cotillon\/wp-json\/wp\/v2\/pages\/13546","targetHints":{"allow":["GET"]}}],"collection":[{"href":"https:\/\/fymcotillon.com.ar\/cotillon\/wp-json\/wp\/v2\/pages"}],"about":[{"href":"https:\/\/fymcotillon.com.ar\/cotillon\/wp-json\/wp\/v2\/types\/page"}],"author":[{"embeddable":true,"href":"https:\/\/fymcotillon.com.ar\/cotillon\/wp-json\/wp\/v2\/users\/2"}],"replies":[{"embeddable":true,"href":"https:\/\/fymcotillon.com.ar\/cotillon\/wp-json\/wp\/v2\/comments?post=13546"}],"version-history":[{"count":1,"href":"https:\/\/fymcotillon.com.ar\/cotillon\/wp-json\/wp\/v2\/pages\/13546\/revisions"}],"predecessor-version":[{"id":13553,"href":"https:\/\/fymcotillon.com.ar\/cotillon\/wp-json\/wp\/v2\/pages\/13546\/revisions\/13553"}],"wp:attachment":[{"href":"https:\/\/fymcotillon.com.ar\/cotillon\/wp-json\/wp\/v2\/media?parent=13546"}],"curies":[{"name":"wp","href":"https:\/\/api.w.org\/{rel}","templated":true}]}}