{"id":13524,"date":"2023-11-28T17:19:49","date_gmt":"2023-11-28T17:19:49","guid":{"rendered":"https:\/\/fymcotillon.com.ar\/cotillon\/?post_type=product&#038;p=13524"},"modified":"2026-04-28T21:35:50","modified_gmt":"2026-04-29T00:35:50","slug":"inflador-electrico-super-flow-600w-2-salidas","status":"publish","type":"product","link":"https:\/\/fymcotillon.com.ar\/cotillon\/producto\/inflador-electrico-super-flow-600w-2-salidas\/","title":{"rendered":"INFLADOR ELECTRICO SUPER FLOW 600W 2 salidas"},"content":{"rendered":"<p>DESCRIPCI\u00d3N<\/p>\n<p>Producto con certificaci\u00f3n de seguridad el\u00e9ctrica seg\u00fan normas IEC 60335-1: Ed. 5.2.<\/p>\n<p>Cable seg\u00fan normas IRAM 2063.<\/p>\n","protected":false},"excerpt":{"rendered":"<p>DESCRIPCI\u00d3N Producto con certificaci\u00f3n de seguridad el\u00e9ctrica seg\u00fan normas IEC 60335-1: Ed. 5.2. Cable seg\u00fan normas IRAM 2063.<\/p>\n","protected":false},"featured_media":13526,"template":"","meta":{"om_disable_all_campaigns":false,"_monsterinsights_skip_tracking":false,"_monsterinsights_sitenote_active":false,"_monsterinsights_sitenote_note":"","_monsterinsights_sitenote_category":0,"pgc_sgb_lightbox_settings":""},"product_brand":[],"product_cat":[15,162,166],"product_tag":[],"class_list":{"0":"post-13524","1":"product","2":"type-product","3":"status-publish","4":"has-post-thumbnail","6":"product_cat-productos","7":"product_cat-globos-accesorios","8":"product_cat-infladores","10":"first","11":"instock","12":"shipping-taxable","13":"purchasable","14":"product-type-simple"},"aioseo_notices":[],"_links":{"self":[{"href":"https:\/\/fymcotillon.com.ar\/cotillon\/wp-json\/wp\/v2\/product\/13524","targetHints":{"allow":["GET"]}}],"collection":[{"href":"https:\/\/fymcotillon.com.ar\/cotillon\/wp-json\/wp\/v2\/product"}],"about":[{"href":"https:\/\/fymcotillon.com.ar\/cotillon\/wp-json\/wp\/v2\/types\/product"}],"wp:featuredmedia":[{"embeddable":true,"href":"https:\/\/fymcotillon.com.ar\/cotillon\/wp-json\/wp\/v2\/media\/13526"}],"wp:attachment":[{"href":"https:\/\/fymcotillon.com.ar\/cotillon\/wp-json\/wp\/v2\/media?parent=13524"}],"wp:term":[{"taxonomy":"product_brand","embeddable":true,"href":"https:\/\/fymcotillon.com.ar\/cotillon\/wp-json\/wp\/v2\/product_brand?post=13524"},{"taxonomy":"product_cat","embeddable":true,"href":"https:\/\/fymcotillon.com.ar\/cotillon\/wp-json\/wp\/v2\/product_cat?post=13524"},{"taxonomy":"product_tag","embeddable":true,"href":"https:\/\/fymcotillon.com.ar\/cotillon\/wp-json\/wp\/v2\/product_tag?post=13524"}],"curies":[{"name":"wp","href":"https:\/\/api.w.org\/{rel}","templated":true}]}}