{"id":15425,"date":"2023-12-11T12:27:14","date_gmt":"2023-12-11T12:27:14","guid":{"rendered":"https:\/\/fymcotillon.com.ar\/cotillon\/?post_type=product&#038;p=15425"},"modified":"2024-11-04T09:20:59","modified_gmt":"2024-11-04T12:20:59","slug":"animatronic-espantapajaros-183cm","status":"publish","type":"product","link":"https:\/\/fymcotillon.com.ar\/cotillon\/producto\/animatronic-espantapajaros-183cm\/","title":{"rendered":"ANIMATRONIC ESPANTAPAJAROS 183cm"},"content":{"rendered":"<p>Lleva 4 pilas AA (NO INCLUIDAS) Tambi\u00e9n viene con opci\u00f3n de enchufe a 220 volts.<\/p>\n<p>Este terror\u00edfico mu\u00f1eco pose\u00eddo cuenta con 3 funciones:<\/p>\n<p><i><strong>ENCENDIDO 1:\u00a0<\/strong><\/i>se activa el producto, de\u00a0<i><strong>TRY ME\u00a0<\/strong><\/i>(se activa solo al presionar bot\u00f3n de prueba) y funci\u00f3n<\/p>\n<p><i><strong>ENCENDIDO 2: \u00a0<\/strong><\/i>Incluye sensor de sonido y movimiento. La caja de control tambi\u00e9n cuenta con volumen para subir o bajar a criterio. Mueve la cabeza, abre y cierra la boca simulando hablar mientras dice frases tenebrosas en ingl\u00e9s (It\u00b4s Showtime! y luego r\u00ede como loco diab\u00f3lico), Mueve los brazos ahuyentando hasta al mas valiente. Tambi\u00e9n prende luces en los ojos. Para mejor rendimiento utilizar en interiores o en un \u00e1rea al aire libre protegida de las condiciones clim\u00e1ticas.<\/p>\n","protected":false},"excerpt":{"rendered":"<p>Lleva 4 pilas AA (NO INCLUIDAS) Tambi\u00e9n viene con opci\u00f3n de enchufe a 220 volts. Este terror\u00edfico mu\u00f1eco pose\u00eddo cuenta con 3 funciones: ENCENDIDO 1:\u00a0se activa el producto, de\u00a0TRY ME\u00a0(se activa solo al presionar bot\u00f3n de prueba) y funci\u00f3n ENCENDIDO 2: \u00a0Incluye sensor de sonido y movimiento. La caja de control tambi\u00e9n cuenta con volumen para subir o bajar a [&hellip;]<\/p>\n","protected":false},"featured_media":15426,"template":"","meta":{"om_disable_all_campaigns":false,"_monsterinsights_skip_tracking":false,"_monsterinsights_sitenote_active":false,"_monsterinsights_sitenote_note":"","_monsterinsights_sitenote_category":0,"pgc_sgb_lightbox_settings":""},"product_brand":[],"product_cat":[212,15,180],"product_tag":[],"class_list":{"0":"post-15425","1":"product","2":"type-product","3":"status-publish","4":"has-post-thumbnail","6":"product_cat-animatronics","7":"product_cat-productos","8":"product_cat-halloween","10":"first","11":"outofstock","12":"shipping-taxable","13":"purchasable","14":"product-type-simple"},"aioseo_notices":[],"_links":{"self":[{"href":"https:\/\/fymcotillon.com.ar\/cotillon\/wp-json\/wp\/v2\/product\/15425","targetHints":{"allow":["GET"]}}],"collection":[{"href":"https:\/\/fymcotillon.com.ar\/cotillon\/wp-json\/wp\/v2\/product"}],"about":[{"href":"https:\/\/fymcotillon.com.ar\/cotillon\/wp-json\/wp\/v2\/types\/product"}],"wp:featuredmedia":[{"embeddable":true,"href":"https:\/\/fymcotillon.com.ar\/cotillon\/wp-json\/wp\/v2\/media\/15426"}],"wp:attachment":[{"href":"https:\/\/fymcotillon.com.ar\/cotillon\/wp-json\/wp\/v2\/media?parent=15425"}],"wp:term":[{"taxonomy":"product_brand","embeddable":true,"href":"https:\/\/fymcotillon.com.ar\/cotillon\/wp-json\/wp\/v2\/product_brand?post=15425"},{"taxonomy":"product_cat","embeddable":true,"href":"https:\/\/fymcotillon.com.ar\/cotillon\/wp-json\/wp\/v2\/product_cat?post=15425"},{"taxonomy":"product_tag","embeddable":true,"href":"https:\/\/fymcotillon.com.ar\/cotillon\/wp-json\/wp\/v2\/product_tag?post=15425"}],"curies":[{"name":"wp","href":"https:\/\/api.w.org\/{rel}","templated":true}]}}