{"id":15441,"date":"2023-12-11T09:53:35","date_gmt":"2023-12-11T12:53:35","guid":{"rendered":"https:\/\/fymcotillon.com.ar\/cotillon\/?post_type=product&#038;p=15441"},"modified":"2025-11-09T17:30:46","modified_gmt":"2025-11-09T20:30:46","slug":"animatronic-payaso-183cm","status":"publish","type":"product","link":"https:\/\/fymcotillon.com.ar\/cotillon\/producto\/animatronic-payaso-183cm\/","title":{"rendered":"ANIMATRONIC PAYASO 183cm &#8211; con enchufe p\/220 volts. EFECTO: Luz led, sonido y movimiento"},"content":{"rendered":"<p>FUNCIONA CON 4 PILAS AA (no incu\u00eddas). Tambi\u00e9n viene con opci\u00f3n de \u00a0enchufe a 220 volts. Cuenta con 3 funciones:<\/p>\n<p><i><strong>Encendido 1<\/strong><\/i>: se activa el producto, de Try me (se activa s\u00f3lo al presionar bot\u00f3n de prueba) y funci\u00f3n<\/p>\n<p><i><strong>Encendido 2<\/strong><\/i>\u00a0: incluye sensor de sonido y movimiento. La caja de control tambi\u00e9n cuenta con volumen para subir o bajar a critero. Payaso de feria pose\u00eddo por el demonio, listo para acuchillar a quien quiera comer los dulces (que puedes agregar a la calabaza porta golosinas que trae en su mano). Mueve su boca mientras habla en ingl\u00e9s ( &#8220;You\u00b4ve never met a clown like me before, and you never will again&#8221; luego r\u00ede endemoniado) . Have luces y mueve el brazo con cuchillo. Para mejor rendimiento utilizar en interiores o en un \u00e1rea al aire libre protegida de las condiciones clim\u00e1ticas.<\/p>\n","protected":false},"excerpt":{"rendered":"<p>FUNCIONA CON 4 PILAS AA (no incu\u00eddas). Tambi\u00e9n viene con opci\u00f3n de \u00a0enchufe a 220 volts. Cuenta con 3 funciones: Encendido 1: se activa el producto, de Try me (se activa s\u00f3lo al presionar bot\u00f3n de prueba) y funci\u00f3n Encendido 2\u00a0: incluye sensor de sonido y movimiento. La caja de control tambi\u00e9n cuenta con volumen para subir o bajar a [&hellip;]<\/p>\n","protected":false},"featured_media":15442,"template":"","meta":{"om_disable_all_campaigns":false,"_monsterinsights_skip_tracking":false,"_monsterinsights_sitenote_active":false,"_monsterinsights_sitenote_note":"","_monsterinsights_sitenote_category":0,"pgc_sgb_lightbox_settings":""},"product_brand":[],"product_cat":[212,15,180],"product_tag":[],"class_list":{"0":"post-15441","1":"product","2":"type-product","3":"status-publish","4":"has-post-thumbnail","6":"product_cat-animatronics","7":"product_cat-productos","8":"product_cat-halloween","10":"first","11":"outofstock","12":"shipping-taxable","13":"purchasable","14":"product-type-simple"},"aioseo_notices":[],"_links":{"self":[{"href":"https:\/\/fymcotillon.com.ar\/cotillon\/wp-json\/wp\/v2\/product\/15441","targetHints":{"allow":["GET"]}}],"collection":[{"href":"https:\/\/fymcotillon.com.ar\/cotillon\/wp-json\/wp\/v2\/product"}],"about":[{"href":"https:\/\/fymcotillon.com.ar\/cotillon\/wp-json\/wp\/v2\/types\/product"}],"wp:featuredmedia":[{"embeddable":true,"href":"https:\/\/fymcotillon.com.ar\/cotillon\/wp-json\/wp\/v2\/media\/15442"}],"wp:attachment":[{"href":"https:\/\/fymcotillon.com.ar\/cotillon\/wp-json\/wp\/v2\/media?parent=15441"}],"wp:term":[{"taxonomy":"product_brand","embeddable":true,"href":"https:\/\/fymcotillon.com.ar\/cotillon\/wp-json\/wp\/v2\/product_brand?post=15441"},{"taxonomy":"product_cat","embeddable":true,"href":"https:\/\/fymcotillon.com.ar\/cotillon\/wp-json\/wp\/v2\/product_cat?post=15441"},{"taxonomy":"product_tag","embeddable":true,"href":"https:\/\/fymcotillon.com.ar\/cotillon\/wp-json\/wp\/v2\/product_tag?post=15441"}],"curies":[{"name":"wp","href":"https:\/\/api.w.org\/{rel}","templated":true}]}}