{"id":24702,"date":"2025-02-11T09:37:15","date_gmt":"2025-02-11T12:37:15","guid":{"rendered":"https:\/\/fymcotillon.com.ar\/cotillon\/?post_type=product&#038;p=24702"},"modified":"2026-04-15T11:37:03","modified_gmt":"2026-04-15T14:37:03","slug":"inflable-esqueleto-fantasma-12-mts-altura-2-leds","status":"publish","type":"product","link":"https:\/\/fymcotillon.com.ar\/cotillon\/producto\/inflable-esqueleto-fantasma-12-mts-altura-2-leds\/","title":{"rendered":"INFLABLE *ESQUELETO FANTASMA* &#8211; 1,2 mts. ALTURA &#8211; 2 Leds"},"content":{"rendered":"<p>1,2 MTS. DE ALTURA \/ 2 LUCES<\/p>\n<div id=\"productTabContent\" class=\"tab-content\">\n<div id=\"description\" class=\"tab-pane fade in active\">\n<div class=\"std\">\n<p>SIMP\u00c1TICO ESQUELETO QUE EST\u00c1 DISPUESTO A ENFRENTAR A TUS VISITANTES!! CUIDADO CON SU HACHA!!<\/p>\n<p>Caracter\u00edsticas T\u00e9cnicas: AC220-240V<\/p>\n<p>Fuente de Alimentaci\u00f3n: 0.6A 7.2W<\/p>\n<p>MU\u00d1ECO INFLABLE IDEAL PARA AMBIENTAR HALLOWEEN<\/p>\n<p>VENTILADOR: 12V 0.5A<\/p>\n<p>CON CIERRE PARA SU F\u00c1CIL ARMADO<br \/>\nCON ENCHUFE PARA SU FUNCIONAMIENTO<br \/>\nCON ESTACAS PARA SUJETAR<\/p>\n<\/div>\n<\/div>\n<\/div>\n","protected":false},"excerpt":{"rendered":"<p>1,2 MTS. DE ALTURA \/ 2 LUCES SIMP\u00c1TICO ESQUELETO QUE EST\u00c1 DISPUESTO A ENFRENTAR A TUS VISITANTES!! CUIDADO CON SU HACHA!! Caracter\u00edsticas T\u00e9cnicas: AC220-240V Fuente de Alimentaci\u00f3n: 0.6A 7.2W MU\u00d1ECO INFLABLE IDEAL PARA AMBIENTAR HALLOWEEN VENTILADOR: 12V 0.5A CON CIERRE PARA SU F\u00c1CIL ARMADO CON ENCHUFE PARA SU FUNCIONAMIENTO CON ESTACAS PARA SUJETAR<\/p>\n","protected":false},"featured_media":24703,"template":"","meta":{"om_disable_all_campaigns":false,"_monsterinsights_skip_tracking":false,"_monsterinsights_sitenote_active":false,"_monsterinsights_sitenote_note":"","_monsterinsights_sitenote_category":0,"pgc_sgb_lightbox_settings":""},"product_brand":[],"product_cat":[180,396,398],"product_tag":[],"class_list":{"0":"post-24702","1":"product","2":"type-product","3":"status-publish","4":"has-post-thumbnail","6":"product_cat-halloween","7":"product_cat-inflables-halloween-guirnaldas","8":"product_cat-novedades","10":"first","11":"instock","12":"shipping-taxable","13":"purchasable","14":"product-type-simple"},"aioseo_notices":[],"_links":{"self":[{"href":"https:\/\/fymcotillon.com.ar\/cotillon\/wp-json\/wp\/v2\/product\/24702","targetHints":{"allow":["GET"]}}],"collection":[{"href":"https:\/\/fymcotillon.com.ar\/cotillon\/wp-json\/wp\/v2\/product"}],"about":[{"href":"https:\/\/fymcotillon.com.ar\/cotillon\/wp-json\/wp\/v2\/types\/product"}],"wp:featuredmedia":[{"embeddable":true,"href":"https:\/\/fymcotillon.com.ar\/cotillon\/wp-json\/wp\/v2\/media\/24703"}],"wp:attachment":[{"href":"https:\/\/fymcotillon.com.ar\/cotillon\/wp-json\/wp\/v2\/media?parent=24702"}],"wp:term":[{"taxonomy":"product_brand","embeddable":true,"href":"https:\/\/fymcotillon.com.ar\/cotillon\/wp-json\/wp\/v2\/product_brand?post=24702"},{"taxonomy":"product_cat","embeddable":true,"href":"https:\/\/fymcotillon.com.ar\/cotillon\/wp-json\/wp\/v2\/product_cat?post=24702"},{"taxonomy":"product_tag","embeddable":true,"href":"https:\/\/fymcotillon.com.ar\/cotillon\/wp-json\/wp\/v2\/product_tag?post=24702"}],"curies":[{"name":"wp","href":"https:\/\/api.w.org\/{rel}","templated":true}]}}