{"id":24709,"date":"2025-02-11T09:47:31","date_gmt":"2025-02-11T12:47:31","guid":{"rendered":"https:\/\/fymcotillon.com.ar\/cotillon\/?post_type=product&#038;p=24709"},"modified":"2026-04-15T11:36:56","modified_gmt":"2026-04-15T14:36:56","slug":"inflable-draculin-12-mts-altura-2-leds","status":"publish","type":"product","link":"https:\/\/fymcotillon.com.ar\/cotillon\/producto\/inflable-draculin-12-mts-altura-2-leds\/","title":{"rendered":"INFLABLE *DRACUL\u00cdN* &#8211; 1,2 mts. ALTURA &#8211; 2 Leds"},"content":{"rendered":"<p>1,2 MTS. DE ALTURA \/ 2 LUCES<\/p>\n<p>ESTE P\u00cdCARO DR\u00c1CULA EST\u00c1 LISTO PARA ENVOLVERTE CON SU CAPA Y CONVERTIRTE EN SU ALIADO! OJO CON ESOS COLMILLOS!<\/p>\n<p>Caracter\u00edsticas T\u00e9cnicas: AC220-240V<\/p>\n<p>Fuente de Alimentaci\u00f3n: 0.6A 7.2W<\/p>\n<p>MU\u00d1ECO INFLABLE IDEAL PARA AMBIENTAR HALLOWEEN<\/p>\n<p>VENTILADOR: 12V 0.5A<\/p>\n<p>CON CIERRE PARA SU F\u00c1CIL ARMADO<br \/>\nCON ENCHUFE PARA SU FUNCIONAMIENTO<br \/>\nCON ESTACAS PARA SUJETAR<\/p>\n","protected":false},"excerpt":{"rendered":"<p>1,2 MTS. DE ALTURA \/ 2 LUCES ESTE P\u00cdCARO DR\u00c1CULA EST\u00c1 LISTO PARA ENVOLVERTE CON SU CAPA Y CONVERTIRTE EN SU ALIADO! OJO CON ESOS COLMILLOS! Caracter\u00edsticas T\u00e9cnicas: AC220-240V Fuente de Alimentaci\u00f3n: 0.6A 7.2W MU\u00d1ECO INFLABLE IDEAL PARA AMBIENTAR HALLOWEEN VENTILADOR: 12V 0.5A CON CIERRE PARA SU F\u00c1CIL ARMADO CON ENCHUFE PARA SU FUNCIONAMIENTO CON ESTACAS PARA SUJETAR<\/p>\n","protected":false},"featured_media":24710,"template":"","meta":{"om_disable_all_campaigns":false,"_monsterinsights_skip_tracking":false,"_monsterinsights_sitenote_active":false,"_monsterinsights_sitenote_note":"","_monsterinsights_sitenote_category":0,"pgc_sgb_lightbox_settings":""},"product_brand":[],"product_cat":[396,398],"product_tag":[],"class_list":{"0":"post-24709","1":"product","2":"type-product","3":"status-publish","4":"has-post-thumbnail","6":"product_cat-inflables-halloween-guirnaldas","7":"product_cat-novedades","9":"first","10":"instock","11":"shipping-taxable","12":"purchasable","13":"product-type-simple"},"aioseo_notices":[],"_links":{"self":[{"href":"https:\/\/fymcotillon.com.ar\/cotillon\/wp-json\/wp\/v2\/product\/24709","targetHints":{"allow":["GET"]}}],"collection":[{"href":"https:\/\/fymcotillon.com.ar\/cotillon\/wp-json\/wp\/v2\/product"}],"about":[{"href":"https:\/\/fymcotillon.com.ar\/cotillon\/wp-json\/wp\/v2\/types\/product"}],"wp:featuredmedia":[{"embeddable":true,"href":"https:\/\/fymcotillon.com.ar\/cotillon\/wp-json\/wp\/v2\/media\/24710"}],"wp:attachment":[{"href":"https:\/\/fymcotillon.com.ar\/cotillon\/wp-json\/wp\/v2\/media?parent=24709"}],"wp:term":[{"taxonomy":"product_brand","embeddable":true,"href":"https:\/\/fymcotillon.com.ar\/cotillon\/wp-json\/wp\/v2\/product_brand?post=24709"},{"taxonomy":"product_cat","embeddable":true,"href":"https:\/\/fymcotillon.com.ar\/cotillon\/wp-json\/wp\/v2\/product_cat?post=24709"},{"taxonomy":"product_tag","embeddable":true,"href":"https:\/\/fymcotillon.com.ar\/cotillon\/wp-json\/wp\/v2\/product_tag?post=24709"}],"curies":[{"name":"wp","href":"https:\/\/api.w.org\/{rel}","templated":true}]}}