{"id":24714,"date":"2025-02-11T09:58:07","date_gmt":"2025-02-11T12:58:07","guid":{"rendered":"https:\/\/fymcotillon.com.ar\/cotillon\/?post_type=product&#038;p=24714"},"modified":"2026-04-15T11:37:07","modified_gmt":"2026-04-15T14:37:07","slug":"inflable-fantasma-en-llamas-36-mts-altura-3-leds-1-led-fuego","status":"publish","type":"product","link":"https:\/\/fymcotillon.com.ar\/cotillon\/producto\/inflable-fantasma-en-llamas-36-mts-altura-3-leds-1-led-fuego\/","title":{"rendered":"INFLABLE *FANTASMA EN LLAMAS* &#8211; 3,6 mts. ALTURA &#8211; 3 Leds + 1 Led fuego"},"content":{"rendered":"<p>3,6 MTS. DE ALTURA \/ 3 LUCES + 1 LUZ DE LLAMA<\/p>\n<p>El Fantasma en Llamas es una aterradora decoraci\u00f3n que emite luces LED simulando fuego, creando una atm\u00f3sfera espeluznante perfecta para Halloween.<\/p>\n<p>Caracter\u00edsticas T\u00e9cnicas: AC220-240V<\/p>\n<p>Fuente de Alimentaci\u00f3n: 1.25A 15W<\/p>\n<p>MU\u00d1ECO INFLABLE IDEAL PARA AMBIENTAR HALLOWEEN<\/p>\n<p>VENTILADOR: 12V 1A<\/p>\n<p>CON CIERRE PARA SU F\u00c1CIL ARMADO<br \/>\nCON ENCHUFE PARA SU FUNCIONAMIENTO<br \/>\nCON ESTACAS PARA SUJETAR<\/p>\n","protected":false},"excerpt":{"rendered":"<p>3,6 MTS. DE ALTURA \/ 3 LUCES + 1 LUZ DE LLAMA El Fantasma en Llamas es una aterradora decoraci\u00f3n que emite luces LED simulando fuego, creando una atm\u00f3sfera espeluznante perfecta para Halloween. Caracter\u00edsticas T\u00e9cnicas: AC220-240V Fuente de Alimentaci\u00f3n: 1.25A 15W MU\u00d1ECO INFLABLE IDEAL PARA AMBIENTAR HALLOWEEN VENTILADOR: 12V 1A CON CIERRE PARA SU F\u00c1CIL ARMADO CON ENCHUFE PARA SU [&hellip;]<\/p>\n","protected":false},"featured_media":24715,"template":"","meta":{"om_disable_all_campaigns":false,"_monsterinsights_skip_tracking":false,"_monsterinsights_sitenote_active":false,"_monsterinsights_sitenote_note":"","_monsterinsights_sitenote_category":0,"pgc_sgb_lightbox_settings":""},"product_brand":[],"product_cat":[396,398],"product_tag":[],"class_list":{"0":"post-24714","1":"product","2":"type-product","3":"status-publish","4":"has-post-thumbnail","6":"product_cat-inflables-halloween-guirnaldas","7":"product_cat-novedades","9":"first","10":"instock","11":"shipping-taxable","12":"purchasable","13":"product-type-simple"},"aioseo_notices":[],"_links":{"self":[{"href":"https:\/\/fymcotillon.com.ar\/cotillon\/wp-json\/wp\/v2\/product\/24714","targetHints":{"allow":["GET"]}}],"collection":[{"href":"https:\/\/fymcotillon.com.ar\/cotillon\/wp-json\/wp\/v2\/product"}],"about":[{"href":"https:\/\/fymcotillon.com.ar\/cotillon\/wp-json\/wp\/v2\/types\/product"}],"wp:featuredmedia":[{"embeddable":true,"href":"https:\/\/fymcotillon.com.ar\/cotillon\/wp-json\/wp\/v2\/media\/24715"}],"wp:attachment":[{"href":"https:\/\/fymcotillon.com.ar\/cotillon\/wp-json\/wp\/v2\/media?parent=24714"}],"wp:term":[{"taxonomy":"product_brand","embeddable":true,"href":"https:\/\/fymcotillon.com.ar\/cotillon\/wp-json\/wp\/v2\/product_brand?post=24714"},{"taxonomy":"product_cat","embeddable":true,"href":"https:\/\/fymcotillon.com.ar\/cotillon\/wp-json\/wp\/v2\/product_cat?post=24714"},{"taxonomy":"product_tag","embeddable":true,"href":"https:\/\/fymcotillon.com.ar\/cotillon\/wp-json\/wp\/v2\/product_tag?post=24714"}],"curies":[{"name":"wp","href":"https:\/\/api.w.org\/{rel}","templated":true}]}}