{"id":24720,"date":"2025-02-11T11:02:26","date_gmt":"2025-02-11T14:02:26","guid":{"rendered":"https:\/\/fymcotillon.com.ar\/cotillon\/?post_type=product&#038;p=24720"},"modified":"2026-04-15T11:36:02","modified_gmt":"2026-04-15T14:36:02","slug":"inflable-bosque-encantado-24-mts-altura-7-leds","status":"publish","type":"product","link":"https:\/\/fymcotillon.com.ar\/cotillon\/producto\/inflable-bosque-encantado-24-mts-altura-7-leds\/","title":{"rendered":"INFLABLE *BOSQUE ENCANTADO* &#8211; 2,4 mts. ALTURA &#8211; 7 Leds"},"content":{"rendered":"<p>Descripci\u00f3n<br \/>\n2,4 MTS. DE ALTURA \/ 7 LUCES<\/p>\n<p>El inflable &#8220;Bosque Encantado&#8221; transforma tu espacio en un m\u00e1gico refugio de misterio, donde criaturas fant\u00e1sticas y luces suaves crean una atm\u00f3sfera de ensue\u00f1o perfecta para cautivar a todos en Halloween.<\/p>\n<p>Caracter\u00edsticas T\u00e9cnicas: AC220-240V<\/p>\n<p>Fuente de Alimentaci\u00f3n: 1.25A 15W<\/p>\n<p>MU\u00d1ECO INFLABLE IDEAL PARA AMBIENTAR HALLOWEEN<\/p>\n<p>VENTILADOR: 12V 1A<\/p>\n<p>CON CIERRE PARA SU F\u00c1CIL ARMADO<br \/>\nCON ENCHUFE PARA SU FUNCIONAMIENTO<br \/>\nCON ESTACAS PARA SUJETAR<\/p>\n","protected":false},"excerpt":{"rendered":"<p>Descripci\u00f3n 2,4 MTS. DE ALTURA \/ 7 LUCES El inflable &#8220;Bosque Encantado&#8221; transforma tu espacio en un m\u00e1gico refugio de misterio, donde criaturas fant\u00e1sticas y luces suaves crean una atm\u00f3sfera de ensue\u00f1o perfecta para cautivar a todos en Halloween. Caracter\u00edsticas T\u00e9cnicas: AC220-240V Fuente de Alimentaci\u00f3n: 1.25A 15W MU\u00d1ECO INFLABLE IDEAL PARA AMBIENTAR HALLOWEEN VENTILADOR: 12V 1A CON CIERRE PARA SU [&hellip;]<\/p>\n","protected":false},"featured_media":24722,"template":"","meta":{"om_disable_all_campaigns":false,"_monsterinsights_skip_tracking":false,"_monsterinsights_sitenote_active":false,"_monsterinsights_sitenote_note":"","_monsterinsights_sitenote_category":0,"pgc_sgb_lightbox_settings":""},"product_brand":[],"product_cat":[396,398],"product_tag":[],"class_list":{"0":"post-24720","1":"product","2":"type-product","3":"status-publish","4":"has-post-thumbnail","6":"product_cat-inflables-halloween-guirnaldas","7":"product_cat-novedades","9":"first","10":"instock","11":"shipping-taxable","12":"purchasable","13":"product-type-simple"},"aioseo_notices":[],"_links":{"self":[{"href":"https:\/\/fymcotillon.com.ar\/cotillon\/wp-json\/wp\/v2\/product\/24720","targetHints":{"allow":["GET"]}}],"collection":[{"href":"https:\/\/fymcotillon.com.ar\/cotillon\/wp-json\/wp\/v2\/product"}],"about":[{"href":"https:\/\/fymcotillon.com.ar\/cotillon\/wp-json\/wp\/v2\/types\/product"}],"wp:featuredmedia":[{"embeddable":true,"href":"https:\/\/fymcotillon.com.ar\/cotillon\/wp-json\/wp\/v2\/media\/24722"}],"wp:attachment":[{"href":"https:\/\/fymcotillon.com.ar\/cotillon\/wp-json\/wp\/v2\/media?parent=24720"}],"wp:term":[{"taxonomy":"product_brand","embeddable":true,"href":"https:\/\/fymcotillon.com.ar\/cotillon\/wp-json\/wp\/v2\/product_brand?post=24720"},{"taxonomy":"product_cat","embeddable":true,"href":"https:\/\/fymcotillon.com.ar\/cotillon\/wp-json\/wp\/v2\/product_cat?post=24720"},{"taxonomy":"product_tag","embeddable":true,"href":"https:\/\/fymcotillon.com.ar\/cotillon\/wp-json\/wp\/v2\/product_tag?post=24720"}],"curies":[{"name":"wp","href":"https:\/\/api.w.org\/{rel}","templated":true}]}}