{"id":25142,"date":"2025-03-11T19:14:03","date_gmt":"2025-03-11T22:14:03","guid":{"rendered":"https:\/\/fymcotillon.com.ar\/cotillon\/?post_type=product&#038;p=25142"},"modified":"2026-04-15T11:36:53","modified_gmt":"2026-04-15T14:36:53","slug":"disfraz-nina-pirata-m-7-9-anos","status":"publish","type":"product","link":"https:\/\/fymcotillon.com.ar\/cotillon\/producto\/disfraz-nina-pirata-m-7-9-anos\/","title":{"rendered":"DISFRAZ NI\u00d1A PIRATA M (7-9 A\u00d1OS) INCLUYE VESTIDO + SOMBRERO + CINTUR\u00d3N"},"content":{"rendered":"","protected":false},"excerpt":{"rendered":"<p><img decoding=\"async\" src=\"https:\/\/fymcotillon.com.ar\/cotillon\/wp-content\/uploads\/2025\/03\/A-MEDIDAS-APROXIMADAS.jpg\" alt=\"Tabla de Talles\"><\/p>\n","protected":false},"featured_media":25143,"template":"","meta":{"om_disable_all_campaigns":false,"_monsterinsights_skip_tracking":false,"_monsterinsights_sitenote_active":false,"_monsterinsights_sitenote_note":"","_monsterinsights_sitenote_category":0,"pgc_sgb_lightbox_settings":""},"product_brand":[],"product_cat":[416],"product_tag":[],"class_list":{"0":"post-25142","1":"product","2":"type-product","3":"status-publish","4":"has-post-thumbnail","6":"product_cat-novedades-disfraces","8":"first","9":"instock","10":"shipping-taxable","11":"purchasable","12":"product-type-simple"},"aioseo_notices":[],"_links":{"self":[{"href":"https:\/\/fymcotillon.com.ar\/cotillon\/wp-json\/wp\/v2\/product\/25142","targetHints":{"allow":["GET"]}}],"collection":[{"href":"https:\/\/fymcotillon.com.ar\/cotillon\/wp-json\/wp\/v2\/product"}],"about":[{"href":"https:\/\/fymcotillon.com.ar\/cotillon\/wp-json\/wp\/v2\/types\/product"}],"wp:featuredmedia":[{"embeddable":true,"href":"https:\/\/fymcotillon.com.ar\/cotillon\/wp-json\/wp\/v2\/media\/25143"}],"wp:attachment":[{"href":"https:\/\/fymcotillon.com.ar\/cotillon\/wp-json\/wp\/v2\/media?parent=25142"}],"wp:term":[{"taxonomy":"product_brand","embeddable":true,"href":"https:\/\/fymcotillon.com.ar\/cotillon\/wp-json\/wp\/v2\/product_brand?post=25142"},{"taxonomy":"product_cat","embeddable":true,"href":"https:\/\/fymcotillon.com.ar\/cotillon\/wp-json\/wp\/v2\/product_cat?post=25142"},{"taxonomy":"product_tag","embeddable":true,"href":"https:\/\/fymcotillon.com.ar\/cotillon\/wp-json\/wp\/v2\/product_tag?post=25142"}],"curies":[{"name":"wp","href":"https:\/\/api.w.org\/{rel}","templated":true}]}}