{"id":26721,"date":"2025-08-28T16:09:15","date_gmt":"2025-08-28T19:09:15","guid":{"rendered":"https:\/\/fymcotillon.com.ar\/cotillon\/?post_type=product&#038;p=26721"},"modified":"2026-04-15T11:40:03","modified_gmt":"2026-04-15T14:40:03","slug":"set-de-3-lapidas-rosadas-52x32x12-cm","status":"publish","type":"product","link":"https:\/\/fymcotillon.com.ar\/cotillon\/producto\/set-de-3-lapidas-rosadas-52x32x12-cm\/","title":{"rendered":"SET DE 3 L\u00c1PIDAS ROSADAS &#8211; Tama\u00f1o Grande: 52x35cm, Mediana: 42x30cm, Peque\u00f1a: 30x23cm (no lleva pilas)"},"content":{"rendered":"","protected":false},"excerpt":{"rendered":"","protected":false},"featured_media":26722,"template":"","meta":{"om_disable_all_campaigns":false,"_monsterinsights_skip_tracking":false,"_monsterinsights_sitenote_active":false,"_monsterinsights_sitenote_note":"","_monsterinsights_sitenote_category":0,"pgc_sgb_lightbox_settings":""},"product_brand":[],"product_cat":[227,499],"product_tag":[],"class_list":{"0":"post-26721","1":"product","2":"type-product","3":"status-publish","4":"has-post-thumbnail","6":"product_cat-lapidas","7":"product_cat-novedades-halloween","9":"first","10":"instock","11":"shipping-taxable","12":"purchasable","13":"product-type-simple"},"aioseo_notices":[],"_links":{"self":[{"href":"https:\/\/fymcotillon.com.ar\/cotillon\/wp-json\/wp\/v2\/product\/26721","targetHints":{"allow":["GET"]}}],"collection":[{"href":"https:\/\/fymcotillon.com.ar\/cotillon\/wp-json\/wp\/v2\/product"}],"about":[{"href":"https:\/\/fymcotillon.com.ar\/cotillon\/wp-json\/wp\/v2\/types\/product"}],"wp:featuredmedia":[{"embeddable":true,"href":"https:\/\/fymcotillon.com.ar\/cotillon\/wp-json\/wp\/v2\/media\/26722"}],"wp:attachment":[{"href":"https:\/\/fymcotillon.com.ar\/cotillon\/wp-json\/wp\/v2\/media?parent=26721"}],"wp:term":[{"taxonomy":"product_brand","embeddable":true,"href":"https:\/\/fymcotillon.com.ar\/cotillon\/wp-json\/wp\/v2\/product_brand?post=26721"},{"taxonomy":"product_cat","embeddable":true,"href":"https:\/\/fymcotillon.com.ar\/cotillon\/wp-json\/wp\/v2\/product_cat?post=26721"},{"taxonomy":"product_tag","embeddable":true,"href":"https:\/\/fymcotillon.com.ar\/cotillon\/wp-json\/wp\/v2\/product_tag?post=26721"}],"curies":[{"name":"wp","href":"https:\/\/api.w.org\/{rel}","templated":true}]}}