{"id":57872,"date":"2026-02-09T09:46:30","date_gmt":"2026-02-09T12:46:30","guid":{"rendered":"https:\/\/fymcotillon.com.ar\/cotillon\/?post_type=product&#038;p=57872"},"modified":"2026-04-15T11:35:37","modified_gmt":"2026-04-15T14:35:37","slug":"balanza-hogarena-con-bowl","status":"publish","type":"product","link":"https:\/\/fymcotillon.com.ar\/cotillon\/producto\/balanza-hogarena-con-bowl\/","title":{"rendered":"BALANZA HOGARE\u00d1A CON BOWL (CAPACIDAD M\u00c1XIMA 5kg)"},"content":{"rendered":"<p>Capacidad m\u00e1xima 5Kgs<br \/>\nFunciona con 2 pilas AAA (no incluidas)<\/p>\n","protected":false},"excerpt":{"rendered":"<p>Capacidad m\u00e1xima 5Kgs Funciona con 2 pilas AAA (no incluidas)<\/p>\n","protected":false},"featured_media":57883,"template":"","meta":{"om_disable_all_campaigns":false,"_monsterinsights_skip_tracking":false,"_monsterinsights_sitenote_active":false,"_monsterinsights_sitenote_note":"","_monsterinsights_sitenote_category":0,"pgc_sgb_lightbox_settings":""},"product_brand":[],"product_cat":[527],"product_tag":[],"class_list":{"0":"post-57872","1":"product","2":"type-product","3":"status-publish","4":"has-post-thumbnail","6":"product_cat-cocina","8":"first","9":"instock","10":"shipping-taxable","11":"purchasable","12":"product-type-simple"},"aioseo_notices":[],"_links":{"self":[{"href":"https:\/\/fymcotillon.com.ar\/cotillon\/wp-json\/wp\/v2\/product\/57872","targetHints":{"allow":["GET"]}}],"collection":[{"href":"https:\/\/fymcotillon.com.ar\/cotillon\/wp-json\/wp\/v2\/product"}],"about":[{"href":"https:\/\/fymcotillon.com.ar\/cotillon\/wp-json\/wp\/v2\/types\/product"}],"wp:featuredmedia":[{"embeddable":true,"href":"https:\/\/fymcotillon.com.ar\/cotillon\/wp-json\/wp\/v2\/media\/57883"}],"wp:attachment":[{"href":"https:\/\/fymcotillon.com.ar\/cotillon\/wp-json\/wp\/v2\/media?parent=57872"}],"wp:term":[{"taxonomy":"product_brand","embeddable":true,"href":"https:\/\/fymcotillon.com.ar\/cotillon\/wp-json\/wp\/v2\/product_brand?post=57872"},{"taxonomy":"product_cat","embeddable":true,"href":"https:\/\/fymcotillon.com.ar\/cotillon\/wp-json\/wp\/v2\/product_cat?post=57872"},{"taxonomy":"product_tag","embeddable":true,"href":"https:\/\/fymcotillon.com.ar\/cotillon\/wp-json\/wp\/v2\/product_tag?post=57872"}],"curies":[{"name":"wp","href":"https:\/\/api.w.org\/{rel}","templated":true}]}}