{"id":57874,"date":"2026-02-09T09:52:03","date_gmt":"2026-02-09T12:52:03","guid":{"rendered":"https:\/\/fymcotillon.com.ar\/cotillon\/?post_type=product&#038;p=57874"},"modified":"2026-04-15T11:35:37","modified_gmt":"2026-04-15T14:35:37","slug":"balanza-hogarena-bambu","status":"publish","type":"product","link":"https:\/\/fymcotillon.com.ar\/cotillon\/producto\/balanza-hogarena-bambu\/","title":{"rendered":"BALANZA HOGARE\u00d1A BAMBU CHICA (CAPACIDAD M\u00c1XIMA 10kg)"},"content":{"rendered":"<p>Capacidad m\u00e1xima 10Kgs<br \/>\nFunciona con 2 pilas AAA (no incluidas)<\/p>\n","protected":false},"excerpt":{"rendered":"<p>Capacidad m\u00e1xima 10Kgs Funciona con 2 pilas AAA (no incluidas)<\/p>\n","protected":false},"featured_media":57881,"template":"","meta":{"om_disable_all_campaigns":false,"_monsterinsights_skip_tracking":false,"_monsterinsights_sitenote_active":false,"_monsterinsights_sitenote_note":"","_monsterinsights_sitenote_category":0,"pgc_sgb_lightbox_settings":""},"product_brand":[],"product_cat":[527],"product_tag":[],"class_list":{"0":"post-57874","1":"product","2":"type-product","3":"status-publish","4":"has-post-thumbnail","6":"product_cat-cocina","8":"first","9":"instock","10":"shipping-taxable","11":"purchasable","12":"product-type-simple"},"aioseo_notices":[],"_links":{"self":[{"href":"https:\/\/fymcotillon.com.ar\/cotillon\/wp-json\/wp\/v2\/product\/57874","targetHints":{"allow":["GET"]}}],"collection":[{"href":"https:\/\/fymcotillon.com.ar\/cotillon\/wp-json\/wp\/v2\/product"}],"about":[{"href":"https:\/\/fymcotillon.com.ar\/cotillon\/wp-json\/wp\/v2\/types\/product"}],"wp:featuredmedia":[{"embeddable":true,"href":"https:\/\/fymcotillon.com.ar\/cotillon\/wp-json\/wp\/v2\/media\/57881"}],"wp:attachment":[{"href":"https:\/\/fymcotillon.com.ar\/cotillon\/wp-json\/wp\/v2\/media?parent=57874"}],"wp:term":[{"taxonomy":"product_brand","embeddable":true,"href":"https:\/\/fymcotillon.com.ar\/cotillon\/wp-json\/wp\/v2\/product_brand?post=57874"},{"taxonomy":"product_cat","embeddable":true,"href":"https:\/\/fymcotillon.com.ar\/cotillon\/wp-json\/wp\/v2\/product_cat?post=57874"},{"taxonomy":"product_tag","embeddable":true,"href":"https:\/\/fymcotillon.com.ar\/cotillon\/wp-json\/wp\/v2\/product_tag?post=57874"}],"curies":[{"name":"wp","href":"https:\/\/api.w.org\/{rel}","templated":true}]}}