{"id":57877,"date":"2026-02-09T10:17:26","date_gmt":"2026-02-09T13:17:26","guid":{"rendered":"https:\/\/fymcotillon.com.ar\/cotillon\/?post_type=product&#038;p=57877"},"modified":"2026-04-15T11:35:37","modified_gmt":"2026-04-15T14:35:37","slug":"balanza-hogarena-bambu-2","status":"publish","type":"product","link":"https:\/\/fymcotillon.com.ar\/cotillon\/producto\/balanza-hogarena-bambu-2\/","title":{"rendered":"BALANZA HOGARE\u00d1A BAMBU GRANDE (CAPACIDAD M\u00c1XIMA 15kg)"},"content":{"rendered":"<p>Capacidad m\u00e1xima 15Kgs<br \/>\nFunciona con 3 pilas AAA(no incluidas)<\/p>\n","protected":false},"excerpt":{"rendered":"<p>Capacidad m\u00e1xima 15Kgs Funciona con 3 pilas AAA(no incluidas)<\/p>\n","protected":false},"featured_media":57878,"template":"","meta":{"om_disable_all_campaigns":false,"_monsterinsights_skip_tracking":false,"_monsterinsights_sitenote_active":false,"_monsterinsights_sitenote_note":"","_monsterinsights_sitenote_category":0,"pgc_sgb_lightbox_settings":""},"product_brand":[],"product_cat":[527],"product_tag":[],"class_list":{"0":"post-57877","1":"product","2":"type-product","3":"status-publish","4":"has-post-thumbnail","6":"product_cat-cocina","8":"first","9":"instock","10":"shipping-taxable","11":"purchasable","12":"product-type-simple"},"aioseo_notices":[],"_links":{"self":[{"href":"https:\/\/fymcotillon.com.ar\/cotillon\/wp-json\/wp\/v2\/product\/57877","targetHints":{"allow":["GET"]}}],"collection":[{"href":"https:\/\/fymcotillon.com.ar\/cotillon\/wp-json\/wp\/v2\/product"}],"about":[{"href":"https:\/\/fymcotillon.com.ar\/cotillon\/wp-json\/wp\/v2\/types\/product"}],"wp:featuredmedia":[{"embeddable":true,"href":"https:\/\/fymcotillon.com.ar\/cotillon\/wp-json\/wp\/v2\/media\/57878"}],"wp:attachment":[{"href":"https:\/\/fymcotillon.com.ar\/cotillon\/wp-json\/wp\/v2\/media?parent=57877"}],"wp:term":[{"taxonomy":"product_brand","embeddable":true,"href":"https:\/\/fymcotillon.com.ar\/cotillon\/wp-json\/wp\/v2\/product_brand?post=57877"},{"taxonomy":"product_cat","embeddable":true,"href":"https:\/\/fymcotillon.com.ar\/cotillon\/wp-json\/wp\/v2\/product_cat?post=57877"},{"taxonomy":"product_tag","embeddable":true,"href":"https:\/\/fymcotillon.com.ar\/cotillon\/wp-json\/wp\/v2\/product_tag?post=57877"}],"curies":[{"name":"wp","href":"https:\/\/api.w.org\/{rel}","templated":true}]}}